{"id":667,"date":"2023-03-27T13:17:27","date_gmt":"2023-03-27T11:17:27","guid":{"rendered":"https:\/\/www.jugend-cultura.it\/impressum\/"},"modified":"2026-03-31T14:44:25","modified_gmt":"2026-03-31T12:44:25","slug":"colofone","status":"publish","type":"page","link":"https:\/\/www.jugend-cultura.it\/it\/colofone\/","title":{"rendered":"Colofone"},"content":{"rendered":"<h2>Finanziamenti pubblici<\/h2>\n<div>\n<table width=\"665\">\n<tbody>\n<tr>\n<td width=\"115\">Elenco contributi<\/td>\n<td width=\"269\"><\/td>\n<td width=\"154\"><\/td>\n<td width=\"127\"><\/td>\n<\/tr>\n<tr>\n<td>anno<\/td>\n<td>attivit\u00e0<\/td>\n<td>ente<\/td>\n<td>importo deliberato<\/td>\n<\/tr>\n<tr>\n<td>2026<\/td>\n<td>attivita ordinaria<\/td>\n<td>Comune Egna<\/td>\n<td>107.000,00 \u20ac<\/td>\n<\/tr>\n<tr>\n<td>2025<\/td>\n<td>Zusammen in Salurn<\/td>\n<td>Comune Salorno<\/td>\n<td>18.000,00 \u20ac<\/td>\n<\/tr>\n<tr>\n<td>2025<\/td>\n<td>Ben Garden<\/td>\n<td>Ex art 72<\/td>\n<td>30.024,80 \u20ac<\/td>\n<\/tr>\n<tr>\n<td>2025<\/td>\n<td>attivit\u00e0 ordinaria<\/td>\n<td>Comune Ora<\/td>\n<td>36.974,36 \u20ac<\/td>\n<\/tr>\n<tr>\n<td>2025<\/td>\n<td>attivita ordinaria<\/td>\n<td>Comune Egna<\/td>\n<td>100.000,00 \u20ac<\/td>\n<\/tr>\n<tr>\n<td>2025<\/td>\n<td>Unterland Life<\/td>\n<td>Amt f\u00fcr Jugendarbeit<\/td>\n<td>8.000,00 \u20ac<\/td>\n<\/tr>\n<tr>\n<td>2025<\/td>\n<td>Musicall<\/td>\n<td>Amt f\u00fcr Jugendarbeit<\/td>\n<td>9.160,00 \u20ac<\/td>\n<\/tr>\n<tr>\n<td>2025<\/td>\n<td>Musicall Investition<\/td>\n<td>Amt f\u00fcr Jugendarbeit<\/td>\n<td>5.465,00 \u20ac<\/td>\n<\/tr>\n<tr>\n<td>2025<\/td>\n<td>Insieme Unterland<\/td>\n<td>Koi<\/td>\n<td>122.353,00 \u20ac<\/td>\n<\/tr>\n<tr>\n<td>2025<\/td>\n<td>Insieme Unterland<\/td>\n<td>Bezirkgemeinschaft<\/td>\n<td>12.235,30 \u20ac<\/td>\n<\/tr>\n<tr>\n<td>2025<\/td>\n<td>Insieme Unterland<\/td>\n<td>Comuni vari<\/td>\n<td>12.235,30 \u20ac<\/td>\n<\/tr>\n<tr>\n<td>2025<\/td>\n<td>attivit\u00e0 ordinaria<\/td>\n<td>Amt f\u00fcr Jugendarbeit<\/td>\n<td>142.500,00 \u20ac<\/td>\n<\/tr>\n<tr>\n<td>2025<\/td>\n<td>Youth Summer 2025<\/td>\n<td>Familienagentur<\/td>\n<td>97.331,85 \u20ac<\/td>\n<\/tr>\n<tr>\n<td><\/td>\n<td><\/td>\n<td><\/td>\n<td>594.279,61 \u20ac<\/td>\n<\/tr>\n<tr>\n<td>2024\/2025<\/td>\n<td>Digipoint Egna<\/td>\n<td>Comune di Egna<\/td>\n<td>29.280,00 \u20ac<\/td>\n<\/tr>\n<tr>\n<td>2024\/2025<\/td>\n<td>Digipoint Salorno<\/td>\n<td>Comune di Salorno<\/td>\n<td>30.004,00 \u20ac<\/td>\n<\/tr>\n<tr>\n<td>2024<\/td>\n<td>Garten der Begegnung<\/td>\n<td>Comune di Salorno<\/td>\n<td>19.900,00 \u20ac<\/td>\n<\/tr>\n<tr>\n<td>2024<\/td>\n<td>attivit\u00e0 ordinaria<\/td>\n<td>Comune Ora<\/td>\n<td>33.168,06 \u20ac<\/td>\n<\/tr>\n<tr>\n<td>2024<\/td>\n<td>attivita ordinaria<\/td>\n<td>Comune Egna<\/td>\n<td>90.000,00 \u20ac<\/td>\n<\/tr>\n<tr>\n<td>2024<\/td>\n<td>Klimashow<\/td>\n<td>Amt f\u00fcr Jugendarbeit<\/td>\n<td>1.898,07 \u20ac<\/td>\n<\/tr>\n<tr>\n<td>2024<\/td>\n<td>Unterland Life<\/td>\n<td>Amt f\u00fcr Jugendarbeit<\/td>\n<td>2.560,00 \u20ac<\/td>\n<\/tr>\n<tr>\n<td>2024<\/td>\n<td>Musicall<\/td>\n<td>Amt f\u00fcr Jugendarbeit<\/td>\n<td>5.631,80 \u20ac<\/td>\n<\/tr>\n<tr>\n<td>2024<\/td>\n<td>Musicall Investition<\/td>\n<td>Amt f\u00fcr Jugendarbeit<\/td>\n<td>2.400,00 \u20ac<\/td>\n<\/tr>\n<tr>\n<td>2024<\/td>\n<td>Insieme Unterland<\/td>\n<td>Koi<\/td>\n<td>67.472,55 \u20ac<\/td>\n<\/tr>\n<tr>\n<td>2024<\/td>\n<td>Insieme Unterland<\/td>\n<td>Bezirkgemeinschaft<\/td>\n<td>8.434,00 \u20ac<\/td>\n<\/tr>\n<tr>\n<td>2024<\/td>\n<td>Insieme Unterland<\/td>\n<td>Comuni vari<\/td>\n<td>8.434,00 \u20ac<\/td>\n<\/tr>\n<tr>\n<td>2024<\/td>\n<td>attivit\u00e0 ordinaria<\/td>\n<td>Amt f\u00fcr Jugendarbeit<\/td>\n<td>131.399,81 \u20ac<\/td>\n<\/tr>\n<tr>\n<td>2024<\/td>\n<td>Youth Summer 2024<\/td>\n<td>Familienagentur<\/td>\n<td>73.002,46 \u20ac<\/td>\n<\/tr>\n<tr>\n<td>2023<\/td>\n<td>attivit\u00e0 ordinaria<\/td>\n<td>Comune Ora<\/td>\n<td>46.164,41 \u20ac<\/td>\n<\/tr>\n<tr>\n<td>2023<\/td>\n<td>attivita ordinaria<\/td>\n<td>Comune Egna<\/td>\n<td><\/td>\n<\/tr>\n<tr>\n<td>2023<\/td>\n<td>Insieme Unterland<\/td>\n<td>Koi<\/td>\n<td>42.420,00 \u20ac<\/td>\n<\/tr>\n<tr>\n<td>2023<\/td>\n<td>Insieme Unterland<\/td>\n<td>Bezirkgemeinschaft<\/td>\n<td>5.302,00 \u20ac<\/td>\n<\/tr>\n<tr>\n<td>2023<\/td>\n<td>Insieme Unterland<\/td>\n<td>Comuni vari<\/td>\n<td>5.302,00 \u20ac<\/td>\n<\/tr>\n<tr>\n<td>2023<\/td>\n<td>Youth Summer 2023<\/td>\n<td>Familienagentur<\/td>\n<td>64.751,73 \u20ac<\/td>\n<\/tr>\n<tr>\n<td>2023<\/td>\n<td>attivit\u00e0 ordinaria<\/td>\n<td>Amt f\u00fcr Jugendarbeit<\/td>\n<td>119.553,52 \u20ac<\/td>\n<\/tr>\n<tr>\n<td>2023<\/td>\n<td>Articolo 72 del D.lgs. 117\/2017<\/td>\n<td>Amt f\u00fcr Jugendarbeit<\/td>\n<td>25.410,00 \u20ac<\/td>\n<\/tr>\n<tr>\n<td>2023<\/td>\n<td>Formazione<\/td>\n<td>Amt f\u00fcr Weiterbildungs<\/td>\n<td>2.400,00 \u20ac<\/td>\n<\/tr>\n<tr>\n<td>2022<\/td>\n<td>attivit\u00e0 ordinaria<\/td>\n<td>Comune Ora<\/td>\n<td>42.828,30 \u20ac<\/td>\n<\/tr>\n<tr>\n<td>2022<\/td>\n<td>attivita ordinaria<\/td>\n<td>Comune Egna<\/td>\n<td>79.291,63 \u20ac<\/td>\n<\/tr>\n<tr>\n<td>2022<\/td>\n<td>Minvestitionen Music Incubator<\/td>\n<td>Amt f\u00fcr Jugendarbeit<\/td>\n<td>22.048,00 \u20ac<\/td>\n<\/tr>\n<tr>\n<td>2022<\/td>\n<td>Music Incubator<\/td>\n<td>Amt f\u00fcr Jugendarbeit<\/td>\n<td>40.000,00 \u20ac<\/td>\n<\/tr>\n<tr>\n<td>2022<\/td>\n<td>attivit\u00e0 ordinaria<\/td>\n<td>Amt f\u00fcr Jugendarbeit<\/td>\n<td>33.750,00 \u20ac<\/td>\n<\/tr>\n<tr>\n<td>2022<\/td>\n<td>attivit\u00e0 ordinaria<\/td>\n<td>Amt f\u00fcr Jugendarbeit<\/td>\n<td>91.250,00 \u20ac<\/td>\n<\/tr>\n<tr>\n<td>2022<\/td>\n<td>Garten der Begegnung<\/td>\n<td>Amt f\u00fcr Jugendarbeit<\/td>\n<td>27.230,00 \u20ac<\/td>\n<\/tr>\n<tr>\n<td>2021<\/td>\n<td>Youth Summer 2021<\/td>\n<td>Familienagentur<\/td>\n<td>47.690,17 \u20ac<\/td>\n<\/tr>\n<tr>\n<td>2021<\/td>\n<td>attivit\u00e0 ordinaria<\/td>\n<td>Comune di Egna<\/td>\n<td>85.415,28 \u20ac<\/td>\n<\/tr>\n<tr>\n<td>2021<\/td>\n<td>attivit\u00e0 ordinaria<\/td>\n<td>Comune di Ora<\/td>\n<td>44.928,28 \u20ac<\/td>\n<\/tr>\n<tr>\n<td>2021<\/td>\n<td>attivit\u00e0 ordinaria<\/td>\n<td>Amt f\u00fcr Jugendarbeit<\/td>\n<td>34.250,00 \u20ac<\/td>\n<\/tr>\n<tr>\n<td>2021<\/td>\n<td>attivit\u00e0 ordinaria<\/td>\n<td>Amt f\u00fcr Jugendarbeit<\/td>\n<td>102.750,00 \u20ac<\/td>\n<\/tr>\n<tr>\n<td>2020<\/td>\n<td>attivit\u00e0 ordinaria<\/td>\n<td>Amt f\u00fcr Jugendarbeit<\/td>\n<td>80.000,00 \u20ac<\/td>\n<\/tr>\n<tr>\n<td>2021<\/td>\n<td>Formazione<\/td>\n<td>Amt f\u00fcr Weiterbildungs<\/td>\n<td>1.920,00 \u20ac<\/td>\n<\/tr>\n<tr>\n<td>2020<\/td>\n<td>Skaterpark<\/td>\n<td>Amt f\u00fcr Jugendarbeit<\/td>\n<td>16.740,00 \u20ac<\/td>\n<\/tr>\n<tr>\n<td>2020<\/td>\n<td>Acquisto pullmino<\/td>\n<td>Amt f\u00fcr Jugendarbeit<\/td>\n<td>22.400,00 \u20ac<\/td>\n<\/tr>\n<tr>\n<td>2020<\/td>\n<td>Riqualificazione Skaterpark Auer<\/td>\n<td>Comune Ora<\/td>\n<td>20.000,00 \u20ac<\/td>\n<\/tr>\n<tr>\n<td>2020<\/td>\n<td>Erg\u00e4nzungsbeitrag f\u00fcr die Jahrest\u00e4tigkeit<\/td>\n<td>Amt f\u00fcr Jugendarbeit<\/td>\n<td>7.315,00 \u20ac<\/td>\n<\/tr>\n<tr>\n<td>2020<\/td>\n<td>Youth Summer 2020<\/td>\n<td>Familienagentur<\/td>\n<td>25.440,00 \u20ac<\/td>\n<\/tr>\n<tr>\n<td>2019<\/td>\n<td>Riqualificazione cortile &#8220;Point&#8221;<\/td>\n<td>Comune di Egna<\/td>\n<td>19.512,50 \u20ac<\/td>\n<\/tr>\n<tr>\n<td>2019<\/td>\n<td>attivit\u00e0 ordinaria<\/td>\n<td>Amt f\u00fcr Jugendarbeit<\/td>\n<td>70.000,00 \u20ac<\/td>\n<\/tr>\n<tr>\n<td>2019<\/td>\n<td>attivit\u00e0 ordinaria<\/td>\n<td>Comune di Egna<\/td>\n<td>20.000,00 \u20ac<\/td>\n<\/tr>\n<\/tbody>\n<\/table>\n<\/div>\n","protected":false},"excerpt":{"rendered":"<p>Finanziamenti pubblici Elenco contributi anno attivit\u00e0 ente importo deliberato 2026 attivita ordinaria Comune Egna 107.000,00 \u20ac 2025 Zusammen in Salurn Comune Salorno 18.000,00 \u20ac 2025 Ben Garden Ex art 72 30.024,80 \u20ac 2025 attivit\u00e0 ordinaria Comune Ora 36.974,36 \u20ac 2025 attivita ordinaria Comune Egna 100.000,00 \u20ac 2025 Unterland Life Amt f\u00fcr Jugendarbeit 8.000,00 \u20ac 2025 [&hellip;]<\/p>\n","protected":false},"author":1,"featured_media":0,"parent":0,"menu_order":0,"comment_status":"closed","ping_status":"closed","template":"template-dsgvo-impressum.php","meta":{"_acf_changed":false,"footnotes":""},"class_list":["post-667","page","type-page","status-publish","hentry"],"acf":[],"yoast_head":"<!-- This site is optimized with the Yoast SEO plugin v23.7 - https:\/\/yoast.com\/wordpress\/plugins\/seo\/ -->\n<title>Colofone - www.jugend-cultura.it<\/title>\n<meta name=\"robots\" content=\"index, follow, max-snippet:-1, max-image-preview:large, max-video-preview:-1\" \/>\n<link rel=\"canonical\" href=\"https:\/\/www.jugend-cultura.it\/it\/colofone\/\" \/>\n<meta property=\"og:locale\" content=\"it_IT\" \/>\n<meta property=\"og:type\" content=\"article\" \/>\n<meta property=\"og:title\" content=\"Colofone - www.jugend-cultura.it\" \/>\n<meta property=\"og:description\" content=\"Finanziamenti pubblici Elenco contributi anno attivit\u00e0 ente importo deliberato 2026 attivita ordinaria Comune Egna 107.000,00 \u20ac 2025 Zusammen in Salurn Comune Salorno 18.000,00 \u20ac 2025 Ben Garden Ex art 72 30.024,80 \u20ac 2025 attivit\u00e0 ordinaria Comune Ora 36.974,36 \u20ac 2025 attivita ordinaria Comune Egna 100.000,00 \u20ac 2025 Unterland Life Amt f\u00fcr Jugendarbeit 8.000,00 \u20ac 2025 [&hellip;]\" \/>\n<meta property=\"og:url\" content=\"https:\/\/www.jugend-cultura.it\/it\/colofone\/\" \/>\n<meta property=\"og:site_name\" content=\"www.jugend-cultura.it\" \/>\n<meta property=\"article:modified_time\" content=\"2026-03-31T12:44:25+00:00\" \/>\n<script type=\"application\/ld+json\" class=\"yoast-schema-graph\">{\"@context\":\"https:\/\/schema.org\",\"@graph\":[{\"@type\":\"WebPage\",\"@id\":\"https:\/\/www.jugend-cultura.it\/it\/colofone\/\",\"url\":\"https:\/\/www.jugend-cultura.it\/it\/colofone\/\",\"name\":\"Colofone - www.jugend-cultura.it\",\"isPartOf\":{\"@id\":\"https:\/\/www.jugend-cultura.it\/it\/#website\"},\"datePublished\":\"2023-03-27T11:17:27+00:00\",\"dateModified\":\"2026-03-31T12:44:25+00:00\",\"breadcrumb\":{\"@id\":\"https:\/\/www.jugend-cultura.it\/it\/colofone\/#breadcrumb\"},\"inLanguage\":\"it-IT\",\"potentialAction\":[{\"@type\":\"ReadAction\",\"target\":[\"https:\/\/www.jugend-cultura.it\/it\/colofone\/\"]}]},{\"@type\":\"BreadcrumbList\",\"@id\":\"https:\/\/www.jugend-cultura.it\/it\/colofone\/#breadcrumb\",\"itemListElement\":[{\"@type\":\"ListItem\",\"position\":1,\"name\":\"Startseite\",\"item\":\"https:\/\/www.jugend-cultura.it\/it\/\"},{\"@type\":\"ListItem\",\"position\":2,\"name\":\"Colofone\"}]},{\"@type\":\"WebSite\",\"@id\":\"https:\/\/www.jugend-cultura.it\/it\/#website\",\"url\":\"https:\/\/www.jugend-cultura.it\/it\/\",\"name\":\"Jugend Cultura Unterland - Jugend und Kultur-Verein\",\"description\":\"\",\"publisher\":{\"@id\":\"https:\/\/www.jugend-cultura.it\/it\/#organization\"},\"potentialAction\":[{\"@type\":\"SearchAction\",\"target\":{\"@type\":\"EntryPoint\",\"urlTemplate\":\"https:\/\/www.jugend-cultura.it\/it\/?s={search_term_string}\"},\"query-input\":{\"@type\":\"PropertyValueSpecification\",\"valueRequired\":true,\"valueName\":\"search_term_string\"}}],\"inLanguage\":\"it-IT\"},{\"@type\":\"Organization\",\"@id\":\"https:\/\/www.jugend-cultura.it\/it\/#organization\",\"name\":\"Jugend Cultura Unterland\",\"url\":\"https:\/\/www.jugend-cultura.it\/it\/\",\"logo\":{\"@type\":\"ImageObject\",\"inLanguage\":\"it-IT\",\"@id\":\"https:\/\/www.jugend-cultura.it\/it\/#\/schema\/logo\/image\/\",\"url\":\"https:\/\/i0.wp.com\/www.jugend-cultura.it\/wp-content\/uploads\/cropped-favicon.png?fit=512%2C512&ssl=1\",\"contentUrl\":\"https:\/\/i0.wp.com\/www.jugend-cultura.it\/wp-content\/uploads\/cropped-favicon.png?fit=512%2C512&ssl=1\",\"width\":512,\"height\":512,\"caption\":\"Jugend Cultura Unterland\"},\"image\":{\"@id\":\"https:\/\/www.jugend-cultura.it\/it\/#\/schema\/logo\/image\/\"}}]}<\/script>\n<!-- \/ Yoast SEO plugin. -->","yoast_head_json":{"title":"Colofone - www.jugend-cultura.it","robots":{"index":"index","follow":"follow","max-snippet":"max-snippet:-1","max-image-preview":"max-image-preview:large","max-video-preview":"max-video-preview:-1"},"canonical":"https:\/\/www.jugend-cultura.it\/it\/colofone\/","og_locale":"it_IT","og_type":"article","og_title":"Colofone - www.jugend-cultura.it","og_description":"Finanziamenti pubblici Elenco contributi anno attivit\u00e0 ente importo deliberato 2026 attivita ordinaria Comune Egna 107.000,00 \u20ac 2025 Zusammen in Salurn Comune Salorno 18.000,00 \u20ac 2025 Ben Garden Ex art 72 30.024,80 \u20ac 2025 attivit\u00e0 ordinaria Comune Ora 36.974,36 \u20ac 2025 attivita ordinaria Comune Egna 100.000,00 \u20ac 2025 Unterland Life Amt f\u00fcr Jugendarbeit 8.000,00 \u20ac 2025 [&hellip;]","og_url":"https:\/\/www.jugend-cultura.it\/it\/colofone\/","og_site_name":"www.jugend-cultura.it","article_modified_time":"2026-03-31T12:44:25+00:00","schema":{"@context":"https:\/\/schema.org","@graph":[{"@type":"WebPage","@id":"https:\/\/www.jugend-cultura.it\/it\/colofone\/","url":"https:\/\/www.jugend-cultura.it\/it\/colofone\/","name":"Colofone - www.jugend-cultura.it","isPartOf":{"@id":"https:\/\/www.jugend-cultura.it\/it\/#website"},"datePublished":"2023-03-27T11:17:27+00:00","dateModified":"2026-03-31T12:44:25+00:00","breadcrumb":{"@id":"https:\/\/www.jugend-cultura.it\/it\/colofone\/#breadcrumb"},"inLanguage":"it-IT","potentialAction":[{"@type":"ReadAction","target":["https:\/\/www.jugend-cultura.it\/it\/colofone\/"]}]},{"@type":"BreadcrumbList","@id":"https:\/\/www.jugend-cultura.it\/it\/colofone\/#breadcrumb","itemListElement":[{"@type":"ListItem","position":1,"name":"Startseite","item":"https:\/\/www.jugend-cultura.it\/it\/"},{"@type":"ListItem","position":2,"name":"Colofone"}]},{"@type":"WebSite","@id":"https:\/\/www.jugend-cultura.it\/it\/#website","url":"https:\/\/www.jugend-cultura.it\/it\/","name":"Jugend Cultura Unterland - Jugend und Kultur-Verein","description":"","publisher":{"@id":"https:\/\/www.jugend-cultura.it\/it\/#organization"},"potentialAction":[{"@type":"SearchAction","target":{"@type":"EntryPoint","urlTemplate":"https:\/\/www.jugend-cultura.it\/it\/?s={search_term_string}"},"query-input":{"@type":"PropertyValueSpecification","valueRequired":true,"valueName":"search_term_string"}}],"inLanguage":"it-IT"},{"@type":"Organization","@id":"https:\/\/www.jugend-cultura.it\/it\/#organization","name":"Jugend Cultura Unterland","url":"https:\/\/www.jugend-cultura.it\/it\/","logo":{"@type":"ImageObject","inLanguage":"it-IT","@id":"https:\/\/www.jugend-cultura.it\/it\/#\/schema\/logo\/image\/","url":"https:\/\/i0.wp.com\/www.jugend-cultura.it\/wp-content\/uploads\/cropped-favicon.png?fit=512%2C512&ssl=1","contentUrl":"https:\/\/i0.wp.com\/www.jugend-cultura.it\/wp-content\/uploads\/cropped-favicon.png?fit=512%2C512&ssl=1","width":512,"height":512,"caption":"Jugend Cultura Unterland"},"image":{"@id":"https:\/\/www.jugend-cultura.it\/it\/#\/schema\/logo\/image\/"}}]}},"_links":{"self":[{"href":"https:\/\/www.jugend-cultura.it\/it\/wp-json\/wp\/v2\/pages\/667","targetHints":{"allow":["GET"]}}],"collection":[{"href":"https:\/\/www.jugend-cultura.it\/it\/wp-json\/wp\/v2\/pages"}],"about":[{"href":"https:\/\/www.jugend-cultura.it\/it\/wp-json\/wp\/v2\/types\/page"}],"author":[{"embeddable":true,"href":"https:\/\/www.jugend-cultura.it\/it\/wp-json\/wp\/v2\/users\/1"}],"replies":[{"embeddable":true,"href":"https:\/\/www.jugend-cultura.it\/it\/wp-json\/wp\/v2\/comments?post=667"}],"version-history":[{"count":4,"href":"https:\/\/www.jugend-cultura.it\/it\/wp-json\/wp\/v2\/pages\/667\/revisions"}],"predecessor-version":[{"id":957,"href":"https:\/\/www.jugend-cultura.it\/it\/wp-json\/wp\/v2\/pages\/667\/revisions\/957"}],"wp:attachment":[{"href":"https:\/\/www.jugend-cultura.it\/it\/wp-json\/wp\/v2\/media?parent=667"}],"curies":[{"name":"wp","href":"https:\/\/api.w.org\/{rel}","templated":true}]}}